{"id":1982,"date":"2023-03-22T12:48:36","date_gmt":"2023-03-22T12:48:36","guid":{"rendered":"https:\/\/buenashastaelhueso.es\/pruna"},"modified":"2024-07-18T08:05:00","modified_gmt":"2024-07-18T08:05:00","slug":"pruna","status":"publish","type":"page","link":"https:\/\/buenashastaelhueso.es\/ca\/pruna","title":{"rendered":"Pruna"},"content":{"rendered":"\t\t<div data-elementor-type=\"wp-page\" data-elementor-id=\"1982\" class=\"elementor elementor-1982\" data-elementor-post-type=\"page\">\n\t\t\t\t\t\t<section class=\"elementor-section elementor-top-section elementor-element elementor-element-2e0e4dc5 elementor-section-boxed elementor-section-height-default elementor-section-height-default exad-glass-effect-no exad-sticky-section-no\" data-id=\"2e0e4dc5\" data-element_type=\"section\" data-e-type=\"section\" data-settings=\"{&quot;background_background&quot;:&quot;slideshow&quot;,&quot;background_slideshow_gallery&quot;:[{&quot;id&quot;:225,&quot;url&quot;:&quot;http:\\\/\\\/buenashastaelhueso.es\\\/wp-content\\\/uploads\\\/2023\\\/03\\\/apricots-2021-08-26-22-25-17-utc-scaled.jpg&quot;},{&quot;id&quot;:227,&quot;url&quot;:&quot;http:\\\/\\\/buenashastaelhueso.es\\\/wp-content\\\/uploads\\\/2023\\\/03\\\/fresh-ripe-peaches-background-2021-08-26-18-19-55-utc-scaled.jpg&quot;},{&quot;id&quot;:228,&quot;url&quot;:&quot;http:\\\/\\\/buenashastaelhueso.es\\\/wp-content\\\/uploads\\\/2023\\\/03\\\/fresh-fruit-nectarines-2022-11-08-05-25-54-utc-scaled.jpg&quot;},{&quot;id&quot;:229,&quot;url&quot;:&quot;http:\\\/\\\/buenashastaelhueso.es\\\/wp-content\\\/uploads\\\/2023\\\/03\\\/cherries-background-sweet-red-cherries-2021-08-26-16-36-20-utc-scaled.jpg&quot;},{&quot;id&quot;:230,&quot;url&quot;:&quot;http:\\\/\\\/buenashastaelhueso.es\\\/wp-content\\\/uploads\\\/2023\\\/03\\\/j02g2061.webp&quot;},{&quot;id&quot;:231,&quot;url&quot;:&quot;http:\\\/\\\/buenashastaelhueso.es\\\/wp-content\\\/uploads\\\/2023\\\/03\\\/plum.jpg&quot;}],&quot;background_slideshow_loop&quot;:&quot;yes&quot;,&quot;background_slideshow_slide_duration&quot;:5000,&quot;background_slideshow_slide_transition&quot;:&quot;fade&quot;,&quot;background_slideshow_transition_duration&quot;:500,&quot;mdp_selection_sticky_effect_enable&quot;:false}\">\n\t\t\t\t\t\t\t<div class=\"elementor-background-overlay\"><\/div>\n\t\t\t\t\t\t\t<div class=\"elementor-container elementor-column-gap-default\">\n\t\t\t\t\t<div class=\"elementor-column elementor-col-100 elementor-top-column elementor-element elementor-element-2fafcad4 exad-glass-effect-no exad-sticky-section-no\" data-id=\"2fafcad4\" data-element_type=\"column\" data-e-type=\"column\" data-settings=\"{&quot;mdp_selection_sticky_column_effect_enable&quot;:false}\">\n\t\t\t<div class=\"elementor-widget-wrap elementor-element-populated\">\n\t\t\t\t\t\t\t<\/div>\n\t\t<\/div>\n\t\t\t\t\t<\/div>\n\t\t<\/section>\n\t\t\t\t<section class=\"elementor-section elementor-top-section elementor-element elementor-element-bfd4c05 elementor-section-boxed elementor-section-height-default elementor-section-height-default exad-glass-effect-no exad-sticky-section-no\" data-id=\"bfd4c05\" data-element_type=\"section\" data-e-type=\"section\" data-settings=\"{&quot;mdp_selection_sticky_effect_enable&quot;:false}\">\n\t\t\t\t\t\t<div class=\"elementor-container elementor-column-gap-default\">\n\t\t\t\t\t<div class=\"elementor-column elementor-col-50 elementor-top-column elementor-element elementor-element-991ed78 exad-glass-effect-no exad-sticky-section-no\" data-id=\"991ed78\" data-element_type=\"column\" data-e-type=\"column\" data-settings=\"{&quot;mdp_selection_sticky_column_effect_enable&quot;:false}\">\n\t\t\t<div class=\"elementor-widget-wrap elementor-element-populated\">\n\t\t\t\t\t\t<div class=\"elementor-element elementor-element-98ae0fd exad-sticky-section-no exad-glass-effect-no elementor-invisible elementor-widget elementor-widget-image\" data-id=\"98ae0fd\" data-element_type=\"widget\" data-e-type=\"widget\" data-settings=\"{&quot;_animation&quot;:&quot;fadeInLeft&quot;}\" data-widget_type=\"image.default\">\n\t\t\t\t<div class=\"elementor-widget-container\">\n\t\t\t\t\t\t\t\t\t\t\t\t\t\t\t<img fetchpriority=\"high\" decoding=\"async\" width=\"800\" height=\"616\" src=\"https:\/\/buenashastaelhueso.es\/wp-content\/uploads\/2023\/03\/plums-plum-prunes-fruit-isolated-on-a-white-2022-08-15-22-48-13-utc-1024x789.jpg\" class=\"attachment-large size-large wp-image-152\" alt=\"Buenas hasta el hueso\" srcset=\"https:\/\/buenashastaelhueso.es\/wp-content\/uploads\/2023\/03\/plums-plum-prunes-fruit-isolated-on-a-white-2022-08-15-22-48-13-utc-1024x789.jpg 1024w, https:\/\/buenashastaelhueso.es\/wp-content\/uploads\/2023\/03\/plums-plum-prunes-fruit-isolated-on-a-white-2022-08-15-22-48-13-utc-300x231.jpg 300w, https:\/\/buenashastaelhueso.es\/wp-content\/uploads\/2023\/03\/plums-plum-prunes-fruit-isolated-on-a-white-2022-08-15-22-48-13-utc-768x592.jpg 768w, https:\/\/buenashastaelhueso.es\/wp-content\/uploads\/2023\/03\/plums-plum-prunes-fruit-isolated-on-a-white-2022-08-15-22-48-13-utc-1536x1184.jpg 1536w, https:\/\/buenashastaelhueso.es\/wp-content\/uploads\/2023\/03\/plums-plum-prunes-fruit-isolated-on-a-white-2022-08-15-22-48-13-utc-2048x1579.jpg 2048w\" sizes=\"(max-width: 800px) 100vw, 800px\" \/>\t\t\t\t\t\t\t\t\t\t\t\t\t\t\t<\/div>\n\t\t\t\t<\/div>\n\t\t\t\t\t<\/div>\n\t\t<\/div>\n\t\t\t\t<div class=\"elementor-column elementor-col-50 elementor-top-column elementor-element elementor-element-6caba8e exad-glass-effect-no exad-sticky-section-no\" data-id=\"6caba8e\" data-element_type=\"column\" data-e-type=\"column\" data-settings=\"{&quot;mdp_selection_sticky_column_effect_enable&quot;:false}\">\n\t\t\t<div class=\"elementor-widget-wrap elementor-element-populated\">\n\t\t\t\t\t\t<div class=\"elementor-element elementor-element-824c761 exad-sticky-section-no exad-glass-effect-no elementor-invisible elementor-widget elementor-widget-heading\" data-id=\"824c761\" data-element_type=\"widget\" data-e-type=\"widget\" data-settings=\"{&quot;_animation&quot;:&quot;fadeInRight&quot;,&quot;_animation_delay&quot;:100}\" data-widget_type=\"heading.default\">\n\t\t\t\t<div class=\"elementor-widget-container\">\n\t\t\t\t\t<h2 class=\"elementor-heading-title elementor-size-default\">Pruna<\/h2>\t\t\t\t<\/div>\n\t\t\t\t<\/div>\n\t\t\t\t<div class=\"elementor-element elementor-element-28f2802 exad-sticky-section-no exad-glass-effect-no elementor-invisible elementor-widget elementor-widget-text-editor\" data-id=\"28f2802\" data-element_type=\"widget\" data-e-type=\"widget\" data-settings=\"{&quot;_animation&quot;:&quot;fadeInRight&quot;,&quot;_animation_delay&quot;:200}\" data-widget_type=\"text-editor.default\">\n\t\t\t\t<div class=\"elementor-widget-container\">\n\t\t\t\t\t\t\t\t\t<p>La pruna \u00e9s una fruita rodona o allargada que pot ser de color groc, verd, vermell o morat. \u00c9s molt nutritiva i rica en vitamines\u00a0A, C, B1, B2, B3, E i K; i minerals com el f\u00f2sfor, el ferro, el sodi, el magnesi, el calci, el coure, el bor o el zinc. A m\u00e9s, ajuden a combatre-la an\u00e8mia, s\u00f3n riques en fibra i tenen gran quantitat d\u2019aigua. A Espanya, la temporada de les prunes \u00e9s des del juliol fins al setembre, encara que algunes de les varietats es poden recol\u00b7lectar ja al maig.<\/p>\t\t\t\t\t\t\t\t<\/div>\n\t\t\t\t<\/div>\n\t\t\t\t\t<\/div>\n\t\t<\/div>\n\t\t\t\t\t<\/div>\n\t\t<\/section>\n\t\t\t\t<section class=\"elementor-section elementor-top-section elementor-element elementor-element-1b86702 elementor-section-boxed elementor-section-height-default elementor-section-height-default exad-glass-effect-no exad-sticky-section-no\" data-id=\"1b86702\" data-element_type=\"section\" data-e-type=\"section\" data-settings=\"{&quot;mdp_selection_sticky_effect_enable&quot;:false}\">\n\t\t\t\t\t\t<div class=\"elementor-container elementor-column-gap-wider\">\n\t\t\t\t\t<div class=\"elementor-column elementor-col-100 elementor-top-column elementor-element elementor-element-15acb13c exad-glass-effect-no exad-sticky-section-no\" data-id=\"15acb13c\" data-element_type=\"column\" data-e-type=\"column\" data-settings=\"{&quot;mdp_selection_sticky_column_effect_enable&quot;:false}\">\n\t\t\t<div class=\"elementor-widget-wrap elementor-element-populated\">\n\t\t\t\t\t\t<div class=\"elementor-element elementor-element-cbd10e0 exad-sticky-section-no exad-glass-effect-no elementor-widget elementor-widget-heading\" data-id=\"cbd10e0\" data-element_type=\"widget\" data-e-type=\"widget\" data-widget_type=\"heading.default\">\n\t\t\t\t<div class=\"elementor-widget-container\">\n\t\t\t\t\t<h2 class=\"elementor-heading-title elementor-size-default\">Actualitat sobre la pruna<\/h2>\t\t\t\t<\/div>\n\t\t\t\t<\/div>\n\t\t\t\t\t<\/div>\n\t\t<\/div>\n\t\t\t\t\t<\/div>\n\t\t<\/section>\n\t\t\t\t<\/div>\n\t\t","protected":false},"excerpt":{"rendered":"<p>Pruna La pruna \u00e9s una fruita rodona o allargada que pot ser de color groc, verd, vermell o morat. \u00c9s molt nutritiva i rica en vitamines\u00a0A, C, B1, B2, B3, E i K; i minerals com el f\u00f2sfor, el ferro, el sodi, el magnesi, el calci, el coure, el bor o el zinc. A m\u00e9s, [&hellip;]<\/p>\n","protected":false},"author":1,"featured_media":0,"parent":0,"menu_order":0,"comment_status":"closed","ping_status":"closed","template":"","meta":{"footnotes":""},"class_list":["post-1982","page","type-page","status-publish","hentry"],"yoast_head":"<!-- This site is optimized with the Yoast SEO plugin v27.5 - https:\/\/yoast.com\/product\/yoast-seo-wordpress\/ -->\n<title>Pruna - Buenas hasta el hueso<\/title>\n<meta name=\"robots\" content=\"index, follow, max-snippet:-1, max-image-preview:large, max-video-preview:-1\" \/>\n<link rel=\"canonical\" href=\"https:\/\/buenashastaelhueso.es\/ciruela\" \/>\n<meta property=\"og:locale\" content=\"ca_ES\" \/>\n<meta property=\"og:type\" content=\"article\" \/>\n<meta property=\"og:title\" content=\"Pruna - Buenas hasta el hueso\" \/>\n<meta property=\"og:description\" content=\"Pruna La pruna \u00e9s una fruita rodona o allargada que pot ser de color groc, verd, vermell o morat. \u00c9s molt nutritiva i rica en vitamines\u00a0A, C, B1, B2, B3, E i K; i minerals com el f\u00f2sfor, el ferro, el sodi, el magnesi, el calci, el coure, el bor o el zinc. A m\u00e9s, [&hellip;]\" \/>\n<meta property=\"og:url\" content=\"https:\/\/buenashastaelhueso.es\/ciruela\" \/>\n<meta property=\"og:site_name\" content=\"Buenas hasta el hueso\" \/>\n<meta property=\"article:publisher\" content=\"https:\/\/www.facebook.com\/buenashastaelhueso\" \/>\n<meta property=\"article:modified_time\" content=\"2024-07-18T08:05:00+00:00\" \/>\n<meta property=\"og:image\" content=\"https:\/\/buenashastaelhueso.es\/wp-content\/uploads\/2023\/03\/plums-plum-prunes-fruit-isolated-on-a-white-2022-08-15-22-48-13-utc-1024x789.jpg\" \/>\n<meta name=\"twitter:card\" content=\"summary_large_image\" \/>\n<meta name=\"twitter:site\" content=\"@Fruta_de_Hueso\" \/>\n<meta name=\"twitter:label1\" content=\"Temps estimat de lectura\" \/>\n\t<meta name=\"twitter:data1\" content=\"5 minuts\" \/>\n<script type=\"application\/ld+json\" class=\"yoast-schema-graph\">{\"@context\":\"https:\\\/\\\/schema.org\",\"@graph\":[{\"@type\":\"WebPage\",\"@id\":\"https:\\\/\\\/buenashastaelhueso.es\\\/ciruela\",\"url\":\"https:\\\/\\\/buenashastaelhueso.es\\\/ciruela\",\"name\":\"Pruna - Buenas hasta el hueso\",\"isPartOf\":{\"@id\":\"https:\\\/\\\/buenashastaelhueso.es\\\/#website\"},\"primaryImageOfPage\":{\"@id\":\"https:\\\/\\\/buenashastaelhueso.es\\\/ciruela#primaryimage\"},\"image\":{\"@id\":\"https:\\\/\\\/buenashastaelhueso.es\\\/ciruela#primaryimage\"},\"thumbnailUrl\":\"https:\\\/\\\/buenashastaelhueso.es\\\/wp-content\\\/uploads\\\/2023\\\/03\\\/plums-plum-prunes-fruit-isolated-on-a-white-2022-08-15-22-48-13-utc-1024x789.jpg\",\"datePublished\":\"2023-03-22T12:48:36+00:00\",\"dateModified\":\"2024-07-18T08:05:00+00:00\",\"breadcrumb\":{\"@id\":\"https:\\\/\\\/buenashastaelhueso.es\\\/ciruela#breadcrumb\"},\"inLanguage\":\"ca\",\"potentialAction\":[{\"@type\":\"ReadAction\",\"target\":[\"https:\\\/\\\/buenashastaelhueso.es\\\/ciruela\"]}]},{\"@type\":\"ImageObject\",\"inLanguage\":\"ca\",\"@id\":\"https:\\\/\\\/buenashastaelhueso.es\\\/ciruela#primaryimage\",\"url\":\"https:\\\/\\\/buenashastaelhueso.es\\\/wp-content\\\/uploads\\\/2023\\\/03\\\/plums-plum-prunes-fruit-isolated-on-a-white-2022-08-15-22-48-13-utc-1024x789.jpg\",\"contentUrl\":\"https:\\\/\\\/buenashastaelhueso.es\\\/wp-content\\\/uploads\\\/2023\\\/03\\\/plums-plum-prunes-fruit-isolated-on-a-white-2022-08-15-22-48-13-utc-1024x789.jpg\"},{\"@type\":\"BreadcrumbList\",\"@id\":\"https:\\\/\\\/buenashastaelhueso.es\\\/ciruela#breadcrumb\",\"itemListElement\":[{\"@type\":\"ListItem\",\"position\":1,\"name\":\"Portada\",\"item\":\"https:\\\/\\\/buenashastaelhueso.es\\\/\"},{\"@type\":\"ListItem\",\"position\":2,\"name\":\"Pruna\"}]},{\"@type\":\"WebSite\",\"@id\":\"https:\\\/\\\/buenashastaelhueso.es\\\/#website\",\"url\":\"https:\\\/\\\/buenashastaelhueso.es\\\/\",\"name\":\"Buenas Hasta el Hueso\",\"description\":\"Melocot\u00f3n, cereza, albaricoque, ciruela, nectarina, paraguayo... Las frutas de hueso son todo sabor, \u00a1y muy sanas! Descubre Buenas Hasta El Hueso\",\"publisher\":{\"@id\":\"https:\\\/\\\/buenashastaelhueso.es\\\/#organization\"},\"potentialAction\":[{\"@type\":\"SearchAction\",\"target\":{\"@type\":\"EntryPoint\",\"urlTemplate\":\"https:\\\/\\\/buenashastaelhueso.es\\\/?s={search_term_string}\"},\"query-input\":{\"@type\":\"PropertyValueSpecification\",\"valueRequired\":true,\"valueName\":\"search_term_string\"}}],\"inLanguage\":\"ca\"},{\"@type\":\"Organization\",\"@id\":\"https:\\\/\\\/buenashastaelhueso.es\\\/#organization\",\"name\":\"Buenas Hasta el Hueso\",\"url\":\"https:\\\/\\\/buenashastaelhueso.es\\\/\",\"logo\":{\"@type\":\"ImageObject\",\"inLanguage\":\"ca\",\"@id\":\"https:\\\/\\\/buenashastaelhueso.es\\\/#\\\/schema\\\/logo\\\/image\\\/\",\"url\":\"https:\\\/\\\/buenashastaelhueso.es\\\/wp-content\\\/uploads\\\/2023\\\/05\\\/LOGO_2_JPEG.jpg\",\"contentUrl\":\"https:\\\/\\\/buenashastaelhueso.es\\\/wp-content\\\/uploads\\\/2023\\\/05\\\/LOGO_2_JPEG.jpg\",\"width\":1080,\"height\":1080,\"caption\":\"Buenas Hasta el Hueso\"},\"image\":{\"@id\":\"https:\\\/\\\/buenashastaelhueso.es\\\/#\\\/schema\\\/logo\\\/image\\\/\"},\"sameAs\":[\"https:\\\/\\\/www.facebook.com\\\/buenashastaelhueso\",\"https:\\\/\\\/x.com\\\/Fruta_de_Hueso\",\"https:\\\/\\\/www.instagram.com\\\/buenashastaelhueso\",\"https:\\\/\\\/www.youtube.com\\\/channel\\\/UCGcztHmqo_HxpsbEO2i-8gw\",\"https:\\\/\\\/www.tiktok.com\\\/@buenashastaelhueso\"]}]}<\/script>\n<!-- \/ Yoast SEO plugin. -->","yoast_head_json":{"title":"Pruna - Buenas hasta el hueso","robots":{"index":"index","follow":"follow","max-snippet":"max-snippet:-1","max-image-preview":"max-image-preview:large","max-video-preview":"max-video-preview:-1"},"canonical":"https:\/\/buenashastaelhueso.es\/ciruela","og_locale":"ca_ES","og_type":"article","og_title":"Pruna - Buenas hasta el hueso","og_description":"Pruna La pruna \u00e9s una fruita rodona o allargada que pot ser de color groc, verd, vermell o morat. \u00c9s molt nutritiva i rica en vitamines\u00a0A, C, B1, B2, B3, E i K; i minerals com el f\u00f2sfor, el ferro, el sodi, el magnesi, el calci, el coure, el bor o el zinc. A m\u00e9s, [&hellip;]","og_url":"https:\/\/buenashastaelhueso.es\/ciruela","og_site_name":"Buenas hasta el hueso","article_publisher":"https:\/\/www.facebook.com\/buenashastaelhueso","article_modified_time":"2024-07-18T08:05:00+00:00","og_image":[{"url":"https:\/\/buenashastaelhueso.es\/wp-content\/uploads\/2023\/03\/plums-plum-prunes-fruit-isolated-on-a-white-2022-08-15-22-48-13-utc-1024x789.jpg","type":"","width":"","height":""}],"twitter_card":"summary_large_image","twitter_site":"@Fruta_de_Hueso","twitter_misc":{"Temps estimat de lectura":"5 minuts"},"schema":{"@context":"https:\/\/schema.org","@graph":[{"@type":"WebPage","@id":"https:\/\/buenashastaelhueso.es\/ciruela","url":"https:\/\/buenashastaelhueso.es\/ciruela","name":"Pruna - Buenas hasta el hueso","isPartOf":{"@id":"https:\/\/buenashastaelhueso.es\/#website"},"primaryImageOfPage":{"@id":"https:\/\/buenashastaelhueso.es\/ciruela#primaryimage"},"image":{"@id":"https:\/\/buenashastaelhueso.es\/ciruela#primaryimage"},"thumbnailUrl":"https:\/\/buenashastaelhueso.es\/wp-content\/uploads\/2023\/03\/plums-plum-prunes-fruit-isolated-on-a-white-2022-08-15-22-48-13-utc-1024x789.jpg","datePublished":"2023-03-22T12:48:36+00:00","dateModified":"2024-07-18T08:05:00+00:00","breadcrumb":{"@id":"https:\/\/buenashastaelhueso.es\/ciruela#breadcrumb"},"inLanguage":"ca","potentialAction":[{"@type":"ReadAction","target":["https:\/\/buenashastaelhueso.es\/ciruela"]}]},{"@type":"ImageObject","inLanguage":"ca","@id":"https:\/\/buenashastaelhueso.es\/ciruela#primaryimage","url":"https:\/\/buenashastaelhueso.es\/wp-content\/uploads\/2023\/03\/plums-plum-prunes-fruit-isolated-on-a-white-2022-08-15-22-48-13-utc-1024x789.jpg","contentUrl":"https:\/\/buenashastaelhueso.es\/wp-content\/uploads\/2023\/03\/plums-plum-prunes-fruit-isolated-on-a-white-2022-08-15-22-48-13-utc-1024x789.jpg"},{"@type":"BreadcrumbList","@id":"https:\/\/buenashastaelhueso.es\/ciruela#breadcrumb","itemListElement":[{"@type":"ListItem","position":1,"name":"Portada","item":"https:\/\/buenashastaelhueso.es\/"},{"@type":"ListItem","position":2,"name":"Pruna"}]},{"@type":"WebSite","@id":"https:\/\/buenashastaelhueso.es\/#website","url":"https:\/\/buenashastaelhueso.es\/","name":"Buenas Hasta el Hueso","description":"Melocot\u00f3n, cereza, albaricoque, ciruela, nectarina, paraguayo... Las frutas de hueso son todo sabor, \u00a1y muy sanas! Descubre Buenas Hasta El Hueso","publisher":{"@id":"https:\/\/buenashastaelhueso.es\/#organization"},"potentialAction":[{"@type":"SearchAction","target":{"@type":"EntryPoint","urlTemplate":"https:\/\/buenashastaelhueso.es\/?s={search_term_string}"},"query-input":{"@type":"PropertyValueSpecification","valueRequired":true,"valueName":"search_term_string"}}],"inLanguage":"ca"},{"@type":"Organization","@id":"https:\/\/buenashastaelhueso.es\/#organization","name":"Buenas Hasta el Hueso","url":"https:\/\/buenashastaelhueso.es\/","logo":{"@type":"ImageObject","inLanguage":"ca","@id":"https:\/\/buenashastaelhueso.es\/#\/schema\/logo\/image\/","url":"https:\/\/buenashastaelhueso.es\/wp-content\/uploads\/2023\/05\/LOGO_2_JPEG.jpg","contentUrl":"https:\/\/buenashastaelhueso.es\/wp-content\/uploads\/2023\/05\/LOGO_2_JPEG.jpg","width":1080,"height":1080,"caption":"Buenas Hasta el Hueso"},"image":{"@id":"https:\/\/buenashastaelhueso.es\/#\/schema\/logo\/image\/"},"sameAs":["https:\/\/www.facebook.com\/buenashastaelhueso","https:\/\/x.com\/Fruta_de_Hueso","https:\/\/www.instagram.com\/buenashastaelhueso","https:\/\/www.youtube.com\/channel\/UCGcztHmqo_HxpsbEO2i-8gw","https:\/\/www.tiktok.com\/@buenashastaelhueso"]}]}},"_links":{"self":[{"href":"https:\/\/buenashastaelhueso.es\/ca\/wp-json\/wp\/v2\/pages\/1982","targetHints":{"allow":["GET"]}}],"collection":[{"href":"https:\/\/buenashastaelhueso.es\/ca\/wp-json\/wp\/v2\/pages"}],"about":[{"href":"https:\/\/buenashastaelhueso.es\/ca\/wp-json\/wp\/v2\/types\/page"}],"author":[{"embeddable":true,"href":"https:\/\/buenashastaelhueso.es\/ca\/wp-json\/wp\/v2\/users\/1"}],"replies":[{"embeddable":true,"href":"https:\/\/buenashastaelhueso.es\/ca\/wp-json\/wp\/v2\/comments?post=1982"}],"version-history":[{"count":3,"href":"https:\/\/buenashastaelhueso.es\/ca\/wp-json\/wp\/v2\/pages\/1982\/revisions"}],"predecessor-version":[{"id":2164,"href":"https:\/\/buenashastaelhueso.es\/ca\/wp-json\/wp\/v2\/pages\/1982\/revisions\/2164"}],"wp:attachment":[{"href":"https:\/\/buenashastaelhueso.es\/ca\/wp-json\/wp\/v2\/media?parent=1982"}],"curies":[{"name":"wp","href":"https:\/\/api.w.org\/{rel}","templated":true}]}}